{"id":16,"date":"2014-01-29T22:00:02","date_gmt":"2014-01-29T21:00:02","guid":{"rendered":"http:\/\/nas.novotnasci.cz\/?page_id=16"},"modified":"2020-10-26T13:56:51","modified_gmt":"2020-10-26T12:56:51","slug":"nase-rodinka","status":"publish","type":"page","link":"https:\/\/nas.novotnasci.cz\/wordpress\/?page_id=16","title":{"rendered":"Rodinka"},"content":{"rendered":"<p>P\u0159ihl\u00e1\u0161en\u00ed do v\u0161ech na\u0161ich fotoalb &#8211; <a href=\"http:\/\/fotky.novotnasci.cz\" target=\"_blank\" rel=\"noopener noreferrer\">ZDE<\/a><\/p>\n<p>Ji\u017e d\u0159\u00edve publikovan\u00e1 alba\/videa v internetu&#8230;<br \/>\nRaj\u010de (rajce.idnes.cz) &#8211; <a href=\"http:\/\/lapepe.rajce.idnes.cz\/\" target=\"_blank\" rel=\"noopener noreferrer\">ZDE<\/a><br \/>\nVidea hledejte <a href=\"http:\/\/www.youtube.com\/user\/MrLaPepe\/videos\" target=\"_blank\" rel=\"noopener noreferrer\">ZDE<\/a><\/p>\n<p>Sp\u0159\u00e1telen\u00e9 weby&#8230;<br \/>\n<a href=\"http:\/\/hasici.skrdlovice.cz\/\" target=\"_blank\" rel=\"noopener noreferrer\">www.hasici.skrdlovice.cz<\/a><br \/>\n<a href=\"http:\/\/www.skrdlovice.cz\/\" target=\"_blank\" rel=\"noopener noreferrer\">www.skrdlovice.cz<\/a><br \/>\n<a href=\"http:\/\/www.ski-velkedarko.cz\/\">www.ski-velkedarko.cz<\/a><\/p>\n<p>Historick\u00fd a je\u0161t\u011b st\u00e1le funk\u010dn\u00ed po\u010din webov\u00fdch str\u00e1nek&#8230;<br \/>\n<a href=\"http:\/\/pepik-zdepik.novotnasci.cz\/\" target=\"_blank\" rel=\"noopener noreferrer\">pepik-zdepik.novotnasci.cz<\/a><\/p>\n","protected":false},"excerpt":{"rendered":"<p>P\u0159ihl\u00e1\u0161en\u00ed do v\u0161ech na\u0161ich fotoalb &#8211; ZDE Ji\u017e d\u0159\u00edve publikovan\u00e1 alba\/videa v internetu&#8230; Raj\u010de (rajce.idnes.cz) &#8211; ZDE Videa hledejte ZDE Sp\u0159\u00e1telen\u00e9 weby&#8230; www.hasici.skrdlovice.cz www.skrdlovice.cz www.ski-velkedarko.cz Historick\u00fd a je\u0161t\u011b st\u00e1le funk\u010dn\u00ed po\u010din webov\u00fdch str\u00e1nek&#8230; pepik-zdepik.novotnasci.cz<\/p>\n","protected":false},"author":1,"featured_media":0,"parent":0,"menu_order":0,"comment_status":"closed","ping_status":"closed","template":"","meta":{"footnotes":""},"class_list":["post-16","page","type-page","status-publish","hentry"],"_links":{"self":[{"href":"https:\/\/nas.novotnasci.cz\/wordpress\/index.php?rest_route=\/wp\/v2\/pages\/16","targetHints":{"allow":["GET"]}}],"collection":[{"href":"https:\/\/nas.novotnasci.cz\/wordpress\/index.php?rest_route=\/wp\/v2\/pages"}],"about":[{"href":"https:\/\/nas.novotnasci.cz\/wordpress\/index.php?rest_route=\/wp\/v2\/types\/page"}],"author":[{"embeddable":true,"href":"https:\/\/nas.novotnasci.cz\/wordpress\/index.php?rest_route=\/wp\/v2\/users\/1"}],"replies":[{"embeddable":true,"href":"https:\/\/nas.novotnasci.cz\/wordpress\/index.php?rest_route=%2Fwp%2Fv2%2Fcomments&post=16"}],"version-history":[{"count":11,"href":"https:\/\/nas.novotnasci.cz\/wordpress\/index.php?rest_route=\/wp\/v2\/pages\/16\/revisions"}],"predecessor-version":[{"id":78,"href":"https:\/\/nas.novotnasci.cz\/wordpress\/index.php?rest_route=\/wp\/v2\/pages\/16\/revisions\/78"}],"wp:attachment":[{"href":"https:\/\/nas.novotnasci.cz\/wordpress\/index.php?rest_route=%2Fwp%2Fv2%2Fmedia&parent=16"}],"curies":[{"name":"wp","href":"https:\/\/api.w.org\/{rel}","templated":true}]}}