{"id":44,"date":"2014-02-02T06:52:49","date_gmt":"2014-02-02T05:52:49","guid":{"rendered":"http:\/\/nas.novotnasci.cz\/?page_id=44"},"modified":"2014-02-02T07:15:50","modified_gmt":"2014-02-02T06:15:50","slug":"kontakt","status":"publish","type":"page","link":"https:\/\/nas.novotnasci.cz\/wordpress\/?page_id=44","title":{"rendered":"Kontakt"},"content":{"rendered":"<p>Kontaktujte n\u00e1s n\u00ed\u017ee uveden\u00fdm formul\u00e1\u0159em&#8230; <form method=\"post\" id=\"cntctfrm_contact_form\" class=\"cntctfrm_contact_form cntctfrm_one_column cntctfrm_ltr cntctfrm_width_default\" action=\"\/wordpress\/index.php?rest_route=%2Fwp%2Fv2%2Fpages%2F44#cntctfrm_contact_form\" enctype=\"multipart\/form-data\"><div id=\"cntctfrm_first_column\" class=\"cntctfrm_column\"><div class=\"cntctfrm_field_wrap cntctfrm_field_name_wrap\"><div class=\"cntctfrm_label cntctfrm_label_name\">\n\t\t\t\t\t\t\t\t\t\t<label for=\"cntctfrm_contact_name\">Jm\u00e9no: <span class=\"required\">*<\/span><\/label><\/div><div class=\"cntctfrm_input cntctfrm_input_name\">\n\t\t\t\t\t\t\t\t\t\t<input class=\"text\" type=\"text\" size=\"40\" value=\"\" name=\"cntctfrm_contact_name\" id=\"cntctfrm_contact_name\" \/><\/div><\/div><div class=\"cntctfrm_field_wrap cntctfrm_field_email_wrap\"><div class=\"cntctfrm_label cntctfrm_label_email\">\n\t\t\t\t\t\t\t\t\t\t<label for=\"cntctfrm_contact_email\">Va\u0161e emailov\u00e1 adresa: <span class=\"required\">*<\/span><\/label>\n\t\t\t\t\t\t\t\t\t<\/div><div class=\"cntctfrm_input cntctfrm_input_email\">\n\t\t\t\t\t\t\t\t\t\t<input class=\"text\" type=\"text\" size=\"40\" value=\"\" name=\"cntctfrm_contact_email\" id=\"cntctfrm_contact_email\" \/><\/div><\/div><div class=\"cntctfrm_field_wrap cntctfrm_field_subject_wrap\"><div class=\"cntctfrm_label cntctfrm_label_subject\">\n\t\t\t\t\t\t\t\t\t\t<label for=\"cntctfrm_contact_subject\">P\u0159edm\u011bt: <span class=\"required\">*<\/span><\/label>\n\t\t\t\t\t\t\t\t\t<\/div><div class=\"cntctfrm_input cntctfrm_input_subject\">\n\t\t\t\t\t\t\t\t\t<input class=\"text\" type=\"text\" size=\"40\" value=\"\" name=\"cntctfrm_contact_subject\" id=\"cntctfrm_contact_subject\" \/><\/div><\/div><div class=\"cntctfrm_field_wrap cntctfrm_field_message_wrap\"><div class=\"cntctfrm_label cntctfrm_label_message\">\n\t\t\t\t\t\t\t\t\t<label for=\"cntctfrm_contact_message\">Zpr\u00e1va: <span class=\"required\">*<\/span><\/label>\n\t\t\t\t\t\t\t\t<\/div><div class=\"cntctfrm_input cntctfrm_input_message\">\n\t\t\t\t\t\t\t\t\t<textarea rows=\"5\" cols=\"30\" name=\"cntctfrm_contact_message\" id=\"cntctfrm_contact_message\"><\/textarea><\/div><\/div><\/div><div class=\"clear\"><\/div><div class=\"cntctfrm_submit_wrap\"><div id=\"cntctfrm_submit_first_column\" class=\"cntctfrm_column\"><div class=\"cntctfrm_input cntctfrm_input_submit\"><input type=\"hidden\" value=\"send\" name=\"cntctfrm_contact_action\">\n\t\t\t\t\t\t\t<input type=\"hidden\" value=\"default\" name=\"cntctfrm_language\">\n\t\t\t\t\t\t\t<input type=\"hidden\" value=\"1\" name=\"cntctfrm_form_submited\">\n\t\t\t\t\t\t\t<input type=\"hidden\" value=\"cntctfrm_options\" name=\"cntctfrm_options_name\">\n\t\t\t\t\t\t\t<input type=\"submit\" value=\"Odeslat\" class=\"cntctfrm_contact_submit\" \/>\n\t\t\t\t\t\t<\/div><\/div><div id=\"cntctfrm_submit_second_column\" class=\"cntctfrm_column\"><\/div><div class=\"clear\"><\/div>\n\t\t\t<\/div>\n\t\t\t<\/form><\/p>\n","protected":false},"excerpt":{"rendered":"<p>Kontaktujte n\u00e1s n\u00ed\u017ee uveden\u00fdm formul\u00e1\u0159em&#8230;<\/p>\n","protected":false},"author":1,"featured_media":0,"parent":0,"menu_order":0,"comment_status":"closed","ping_status":"closed","template":"","meta":{"footnotes":""},"class_list":["post-44","page","type-page","status-publish","hentry"],"_links":{"self":[{"href":"https:\/\/nas.novotnasci.cz\/wordpress\/index.php?rest_route=\/wp\/v2\/pages\/44","targetHints":{"allow":["GET"]}}],"collection":[{"href":"https:\/\/nas.novotnasci.cz\/wordpress\/index.php?rest_route=\/wp\/v2\/pages"}],"about":[{"href":"https:\/\/nas.novotnasci.cz\/wordpress\/index.php?rest_route=\/wp\/v2\/types\/page"}],"author":[{"embeddable":true,"href":"https:\/\/nas.novotnasci.cz\/wordpress\/index.php?rest_route=\/wp\/v2\/users\/1"}],"replies":[{"embeddable":true,"href":"https:\/\/nas.novotnasci.cz\/wordpress\/index.php?rest_route=%2Fwp%2Fv2%2Fcomments&post=44"}],"version-history":[{"count":7,"href":"https:\/\/nas.novotnasci.cz\/wordpress\/index.php?rest_route=\/wp\/v2\/pages\/44\/revisions"}],"predecessor-version":[{"id":56,"href":"https:\/\/nas.novotnasci.cz\/wordpress\/index.php?rest_route=\/wp\/v2\/pages\/44\/revisions\/56"}],"wp:attachment":[{"href":"https:\/\/nas.novotnasci.cz\/wordpress\/index.php?rest_route=%2Fwp%2Fv2%2Fmedia&parent=44"}],"curies":[{"name":"wp","href":"https:\/\/api.w.org\/{rel}","templated":true}]}}